{"id":15098,"date":"2019-02-25T21:06:50","date_gmt":"2019-02-25T21:06:50","guid":{"rendered":"https:\/\/cocosisland.org\/sea-birds-of-cocos-island\/"},"modified":"2019-03-09T16:54:12","modified_gmt":"2019-03-09T16:54:12","slug":"sea-birds-of-cocos-island","status":"publish","type":"page","link":"https:\/\/cocosisland.org\/en\/sea-birds-of-cocos-island\/","title":{"rendered":"Sea Birds of Cocos Island"},"content":{"rendered":"<div class=\"fusion-fullwidth fullwidth-box fusion-builder-row-1 fusion-parallax-none bg-third hundred-percent-fullwidth non-hundred-percent-height-scrolling fusion-equal-height-columns\" style=\"--awb-background-position:right top;--awb-border-radius-top-left:0px;--awb-border-radius-top-right:0px;--awb-border-radius-bottom-right:0px;--awb-border-radius-bottom-left:0px;--awb-padding-top:0px;--awb-padding-right:0px;--awb-padding-bottom:0px;--awb-padding-left:0px;--awb-margin-top:0px;--awb-margin-bottom:0px;--awb-background-color:#ffffff;--awb-background-image:url(&quot;https:\/\/cocosisland.org\/wp-content\/uploads\/2018\/09\/isotipo-faico-celeste-derecha-claro.png&quot;);--awb-background-size:cover;--awb-flex-wrap:wrap;\" ><div class=\"fusion-builder-row fusion-row\"><div class=\"fusion-layout-column fusion_builder_column fusion-builder-column-0 fusion_builder_column_1_4 1_4 fusion-one-fourth fusion-column-first\" style=\"--awb-padding-top:20px;--awb-padding-right:0px;--awb-padding-bottom:0px;--awb-padding-left:0px;--awb-bg-color:#0e67a7;--awb-bg-color-hover:#0e67a7;--awb-bg-size:cover;--awb-margin-bottom:0px;width:25%;width:calc(25% - ( ( 4% ) * 0.25 ) );margin-right: 4%;\"><div class=\"fusion-column-wrapper fusion-flex-column-wrapper-legacy\"><div class=\"fusion-text fusion-text-1\"><h2 class=\"white centered\" style=\"font-size: 165%;\">Cocos Island<\/h2>\n<\/div><div class=\"fusion-sep-clear\"><\/div><div class=\"fusion-separator fusion-has-icon\" style=\"margin-left: auto;margin-right: auto;margin-top:10px;margin-bottom:20px;width:100%;max-width:60%;\"><div class=\"fusion-separator-border sep-single sep-solid\" style=\"--awb-height:20px;--awb-amount:20px;--awb-sep-color:#ffffff;border-color:#ffffff;border-top-width:1px;\"><\/div><span class=\"icon-wrapper\" style=\"border-color:#ffffff;background-color:#0e67a7;font-size:16px;width: 1.75em; height: 1.75em;border-width:1px;padding:1px;margin-top:-0.5px\"><i class=\"fa-info-circle fas\" style=\"font-size: inherit;color:#ffffff;\" aria-hidden=\"true\"><\/i><\/span><div class=\"fusion-separator-border sep-single sep-solid\" style=\"--awb-height:20px;--awb-amount:20px;--awb-sep-color:#ffffff;border-color:#ffffff;border-top-width:1px;\"><\/div><\/div><div class=\"fusion-sep-clear\"><\/div><div class=\"fusion-widget-area awb-widget-area-element fusion-widget-area-1 fusion-content-widget-area\" style=\"--awb-title-color:#0b5d92;--awb-padding:0px 10px 0px 10px;\"><div id=\"nav_menu-3\" class=\"widget widget_nav_menu\"><div class=\"menu-cocos-island-en-container\"><ul id=\"menu-cocos-island-en\" class=\"menu\"><li id=\"menu-item-16481\" class=\"menu-item menu-item-type-post_type menu-item-object-page menu-item-16481\"><a href=\"https:\/\/cocosisland.org\/en\/cocos-island-summary\/\">Cocos Island National Park<\/a><\/li>\n<li id=\"menu-item-15923\" class=\"menu-item menu-item-type-post_type menu-item-object-page menu-item-15923\"><a href=\"https:\/\/cocosisland.org\/en\/cocos-island-national-park-creation-location\/\">Creation and Location<\/a><\/li>\n<li id=\"menu-item-15508\" class=\"menu-item menu-item-type-post_type menu-item-object-page menu-item-15508\"><a href=\"https:\/\/cocosisland.org\/en\/biodiversity-and-endemic-species-from-cocos-island\/\">Biodiversity and Endemic Species<\/a><\/li>\n<li id=\"menu-item-15914\" class=\"menu-item menu-item-type-post_type menu-item-object-page menu-item-15914\"><a href=\"https:\/\/cocosisland.org\/en\/cocos-island-coral-reefs\/\">Coral reefs<\/a><\/li>\n<li id=\"menu-item-15509\" class=\"menu-item menu-item-type-post_type menu-item-object-page menu-item-15509\"><a href=\"https:\/\/cocosisland.org\/en\/sea-birds-of-cocos-island\/\">Sea Birds<\/a><\/li>\n<li id=\"menu-item-15917\" class=\"menu-item menu-item-type-post_type menu-item-object-page menu-item-15917\"><a href=\"https:\/\/cocosisland.org\/en\/cocos-island-sharks\/\">Sharks<\/a><\/li>\n<li id=\"menu-item-15922\" class=\"menu-item menu-item-type-post_type menu-item-object-page menu-item-15922\"><a href=\"https:\/\/cocosisland.org\/en\/cinp-management-plan\/\">General management plan<\/a><\/li>\n<li id=\"menu-item-15921\" class=\"menu-item menu-item-type-post_type menu-item-object-page menu-item-15921\"><a href=\"https:\/\/cocosisland.org\/en\/threats-cocos-island\/\">Threats<\/a><\/li>\n<li id=\"menu-item-15915\" class=\"menu-item menu-item-type-post_type menu-item-object-page menu-item-15915\"><a href=\"https:\/\/cocosisland.org\/en\/cocos-island-world-heritage\/\">Declarations<\/a><\/li>\n<li id=\"menu-item-15919\" class=\"menu-item menu-item-type-post_type menu-item-object-page menu-item-15919\"><a href=\"https:\/\/cocosisland.org\/en\/history-of-cocos-island\/\">History<\/a><\/li>\n<\/ul><\/div><\/div><div class=\"fusion-additional-widget-content\"><\/div><\/div><div class=\"fusion-image-element in-legacy-container\" style=\"--awb-caption-title-font-family:var(--h2_typography-font-family);--awb-caption-title-font-weight:var(--h2_typography-font-weight);--awb-caption-title-font-style:var(--h2_typography-font-style);--awb-caption-title-size:var(--h2_typography-font-size);--awb-caption-title-transform:var(--h2_typography-text-transform);--awb-caption-title-line-height:var(--h2_typography-line-height);--awb-caption-title-letter-spacing:var(--h2_typography-letter-spacing);\"><span class=\" fusion-imageframe imageframe-none imageframe-1 hover-type-none\"><img decoding=\"async\" width=\"428\" height=\"599\" alt=\"Sea birds of Cocos Island\" title=\"Aves marinas de la Isla del Coco\" src=\"https:\/\/cocosisland.org\/wp-content\/uploads\/2018\/10\/isla-del-coco-aves-marinas.jpg\" class=\"img-responsive wp-image-15184\" srcset=\"https:\/\/cocosisland.org\/wp-content\/uploads\/2018\/10\/isla-del-coco-aves-marinas-200x280.jpg 200w, https:\/\/cocosisland.org\/wp-content\/uploads\/2018\/10\/isla-del-coco-aves-marinas-400x560.jpg 400w, https:\/\/cocosisland.org\/wp-content\/uploads\/2018\/10\/isla-del-coco-aves-marinas.jpg 428w\" sizes=\"(max-width: 800px) 100vw, 400px\" \/><\/span><\/div><div class=\"fusion-clearfix\"><\/div><\/div><\/div><div class=\"fusion-layout-column fusion_builder_column fusion-builder-column-1 fusion_builder_column_3_4 3_4 fusion-three-fourth fusion-column-last\" style=\"--awb-padding-top:35px;--awb-padding-right:4%;--awb-padding-bottom:30px;--awb-padding-left:0px;--awb-bg-position:right center;--awb-bg-size:cover;--awb-margin-bottom:0px;width:75%;width:calc(75% - ( ( 4% ) * 0.75 ) );\"><div class=\"fusion-column-wrapper fusion-flex-column-wrapper-legacy\"><div class=\"fusion-text fusion-text-2\"><h2 class=\"p1\">Sea Birds of Cocos Island<\/h2>\n<p class=\"justified\">Cocos Island and its islets are important nesting sites for seabirds, especially bobos (booby birds), frigate birds, and white terns (<i>Gygis alba<\/i>).<span class=\"Apple-converted-space\">\u00a0 <\/span>It is the only nesting site in the entire Eastern Tropical Pacific, with the exception of Malpelo Island where a few pairs nest.<\/p>\n<p class=\"justified\">New registries have been made in 2018 (1), 2015 (4), and 2016 (1), which have been already included in the number of species of the Costa Rican Ornithological Association (AOC), for a total of 150 species by 2017. Of these, there is one unofficial species, 29 have no supporting evidence, and 2 are doubtful.<\/p>\n<ul class=\"\">\n<li>For marine\/oceanic\/pelagic birds, there are 28 species that are migratory visitors and 8 migratory residents.<\/li>\n<li>Coastal visitor birds comprise 40 species.<\/li>\n<li>The land birds are 56 visitor species and 5 residents, and one was introduced.<\/li>\n<li>There are 3 common, 9 rare, 8 plentiful, 39 casual, and 82 accidental.<\/li>\n<\/ul>\n<h2>Birds of the Cocos Island National Park<\/h2>\n<p class=\"justified\">Find <a href=\"https:\/\/listaoficialavesdecostarica.wordpress.com\/isla-del-coco\/\"><span class=\"s2\">here the Official List of Birds of Cocos Island<\/span><\/a>. This list was drawn up in its origins in 1990 by Michel Montoya, and since then, it has been reviewed and updated several times by the same author. It has served as a basis for studies on the biodiversity of Cocos Island and as a material to establish and update bird lists in global databases.<\/p>\n<h2>Endemic species<\/h2>\n<p class=\"p1\"><span class=\"s1\">In Costa Rica, there are three species and one sub-species of birds that are found only in Cocos Island National Park:\u00a0<\/span><\/p>\n<ol class=\"ol1\">\n<li><i>Coccizus ferrugineus<\/i> (Cocos Cuckoo).<\/li>\n<li><i>Nesotriccus ridgwayi<\/i> (Cocos Flycatcher)<\/li>\n<li><i>Pinaroloxias inornata<\/i> (Cocos Finch)<\/li>\n<li><i>Setophaga petechia aureola<\/i> (Yellow -\u201cCocos\u201d- Warbler).<\/li>\n<\/ol>\n<\/div><div class=\"fusion-sep-clear\"><\/div><div class=\"fusion-separator fusion-full-width-sep\" style=\"margin-left: auto;margin-right: auto;margin-top:20px;width:100%;\"><\/div><div class=\"fusion-sep-clear\"><\/div><div class=\"accordian fusion-accordian\" style=\"--awb-border-size:1px;--awb-icon-size:18px;--awb-content-font-size:16px;--awb-icon-alignment:left;--awb-hover-color:#f2f2f2;--awb-border-color:#eaeaea;--awb-background-color:#f7f7f7;--awb-divider-color:#e0dede;--awb-divider-hover-color:#e0dede;--awb-icon-color:#ffffff;--awb-title-color:#74bd4c;--awb-content-color:#747474;--awb-icon-box-color:#74bd4c;--awb-toggle-hover-accent-color:#03a9f4;--awb-title-font-family:&quot;Montserrat&quot;;--awb-title-font-weight:400;--awb-title-font-style:normal;--awb-title-font-size:18px;--awb-content-font-family:&quot;Montserrat&quot;;--awb-content-font-style:normal;--awb-content-font-weight:400;\"><div class=\"panel-group fusion-toggle-icon-boxed\" id=\"accordion-15098-1\"><div class=\"fusion-panel panel-default panel-2a54e0d24833e9930 fusion-toggle-no-divider fusion-toggle-boxed-mode\"><div class=\"panel-heading\"><h4 class=\"panel-title toggle\" id=\"toggle_2a54e0d24833e9930\"><a aria-expanded=\"false\" aria-controls=\"2a54e0d24833e9930\" role=\"button\" data-toggle=\"collapse\" data-parent=\"#accordion-15098-1\" data-target=\"#2a54e0d24833e9930\" href=\"#2a54e0d24833e9930\"><span class=\"fusion-toggle-icon-wrapper\" aria-hidden=\"true\"><i class=\"fa-fusion-box active-icon awb-icon-minus\" aria-hidden=\"true\"><\/i><i class=\"fa-fusion-box inactive-icon awb-icon-plus\" aria-hidden=\"true\"><\/i><\/span><span class=\"fusion-toggle-heading\">Bibliography<\/span><\/a><\/h4><\/div><div id=\"2a54e0d24833e9930\" class=\"panel-collapse collapse \" aria-labelledby=\"toggle_2a54e0d24833e9930\"><div class=\"panel-body toggle-content fusion-clearfix\">\n<ol>\n<li class=\"li1\"><span class=\"s2\">AOCR (Asociaci\u00f3n Ornitol\u00f3gica de Costa Rica). 2018.<span class=\"Apple-converted-space\">\u00a0 <\/span>Sitio web consultado el 07 set 2018. Disponible en <\/span><span class=\"s3\">https:\/\/listaoficialavesdecostarica.wordpress.com\/isla-del-coco<\/span><\/li>\n<li class=\"li2\"><span class=\"s4\">Garrigues, Richard., M. Araya-Salas, P. Camacho-Varela, J. Chaves-Campos, A. Mart\u00ednez-Salinas, M. Montoya, G. Obando-Calder\u00f3n, O. Ram\u00edrez-Al\u00e1n. Zeledonia 19-2. Noviembre 2015. Bolet\u00edn de la Asociaci\u00f3n Ornitol\u00f3gica de Costa Rica. San Jos\u00e9, Costa Rica.<\/span><\/li>\n<li class=\"li2\"><span class=\"s2\">Montoya, M. 2003. Aves de la Isla del Coco. Lista de especies\/Birds of Cocos Island. Species List\/Aiseaux de l\u00b4Ile de Cocos. Liste des Especes. Zeledonia. Bolet\u00edn de la Asociaci\u00f3n Ornitol\u00f3gica de Costa Rica. 7(2):29-37. <\/span><\/li>\n<li class=\"li1\"><span class=\"s2\">Montoya, M. 2016. Chapter 8: Isla del Coco. Terrestrial ecosystems.p.192-244. In: Kapelle, M. (Ed). Costa Rican Ecosystems. The Chicago University Press, Chicago and London. 744 p.<\/span><\/li>\n<li class=\"li3\"><span class=\"s2\">SINAC (Sistema Nacional de \u00c1reas de Conservaci\u00f3n, CR). 2016. Diagn\u00f3stico para la actualizaci\u00f3n del Plan General de Manejo del Parque Nacional Marino Isla del Coco. Eds: H. Acevedo, V. Obando y Y. Villalobos. San Jos\u00e9, Costa Rica. 147 p.<\/span><\/li>\n<\/ol>\n<\/div><\/div><\/div><\/div><\/div><div class=\"fusion-clearfix\"><\/div><\/div><\/div><\/div><\/div>\n","protected":false},"excerpt":{"rendered":"","protected":false},"author":4,"featured_media":0,"parent":0,"menu_order":0,"comment_status":"closed","ping_status":"closed","template":"100-width.php","meta":{"footnotes":""},"class_list":["post-15098","page","type-page","status-publish","hentry"],"_links":{"self":[{"href":"https:\/\/cocosisland.org\/en\/wp-json\/wp\/v2\/pages\/15098","targetHints":{"allow":["GET"]}}],"collection":[{"href":"https:\/\/cocosisland.org\/en\/wp-json\/wp\/v2\/pages"}],"about":[{"href":"https:\/\/cocosisland.org\/en\/wp-json\/wp\/v2\/types\/page"}],"author":[{"embeddable":true,"href":"https:\/\/cocosisland.org\/en\/wp-json\/wp\/v2\/users\/4"}],"replies":[{"embeddable":true,"href":"https:\/\/cocosisland.org\/en\/wp-json\/wp\/v2\/comments?post=15098"}],"version-history":[{"count":6,"href":"https:\/\/cocosisland.org\/en\/wp-json\/wp\/v2\/pages\/15098\/revisions"}],"predecessor-version":[{"id":15640,"href":"https:\/\/cocosisland.org\/en\/wp-json\/wp\/v2\/pages\/15098\/revisions\/15640"}],"wp:attachment":[{"href":"https:\/\/cocosisland.org\/en\/wp-json\/wp\/v2\/media?parent=15098"}],"curies":[{"name":"wp","href":"https:\/\/api.w.org\/{rel}","templated":true}]}}