{"id":15647,"date":"2019-03-09T17:32:39","date_gmt":"2019-03-09T17:32:39","guid":{"rendered":"https:\/\/cocosisland.org\/cocos-island-sharks\/"},"modified":"2019-07-04T00:15:44","modified_gmt":"2019-07-04T00:15:44","slug":"cocos-island-sharks","status":"publish","type":"page","link":"https:\/\/cocosisland.org\/en\/cocos-island-sharks\/","title":{"rendered":"Cocos Island &#8211; Sharks"},"content":{"rendered":"<div class=\"fusion-fullwidth fullwidth-box fusion-builder-row-1 fusion-parallax-none bg-third hundred-percent-fullwidth non-hundred-percent-height-scrolling fusion-equal-height-columns\" style=\"--awb-background-position:right top;--awb-border-radius-top-left:0px;--awb-border-radius-top-right:0px;--awb-border-radius-bottom-right:0px;--awb-border-radius-bottom-left:0px;--awb-padding-top:0px;--awb-padding-right:0px;--awb-padding-bottom:0px;--awb-padding-left:0px;--awb-margin-top:0px;--awb-margin-bottom:0px;--awb-background-color:#ffffff;--awb-background-image:url(&quot;https:\/\/cocosisland.org\/wp-content\/uploads\/2018\/09\/isotipo-faico-celeste-derecha-claro.png&quot;);--awb-background-size:cover;--awb-flex-wrap:wrap;\" ><div class=\"fusion-builder-row fusion-row\"><div class=\"fusion-layout-column fusion_builder_column fusion-builder-column-0 fusion_builder_column_1_4 1_4 fusion-one-fourth fusion-column-first\" style=\"--awb-padding-top:20px;--awb-padding-bottom:0px;--awb-bg-color:#0e67a7;--awb-bg-color-hover:#0e67a7;--awb-bg-size:cover;--awb-margin-bottom:0px;width:25%;width:calc(25% - ( ( 4% ) * 0.25 ) );margin-right: 4%;\"><div class=\"fusion-column-wrapper fusion-flex-column-wrapper-legacy\"><div class=\"fusion-text fusion-text-1\"><h2 class=\"white centered\" style=\"font-size: 165%;\">Cocos Island<\/h2>\n<\/div><div class=\"fusion-sep-clear\"><\/div><div class=\"fusion-separator fusion-has-icon\" style=\"margin-left: auto;margin-right: auto;margin-top:10px;margin-bottom:20px;width:100%;max-width:60%;\"><div class=\"fusion-separator-border sep-single sep-solid\" style=\"--awb-height:20px;--awb-amount:20px;--awb-sep-color:#ffffff;border-color:#ffffff;border-top-width:1px;\"><\/div><span class=\"icon-wrapper\" style=\"border-color:#ffffff;background-color:#0e67a7;font-size:16px;width: 1.75em; height: 1.75em;border-width:1px;padding:1px;margin-top:-0.5px\"><i class=\"fa-info-circle fas\" style=\"font-size: inherit;color:#ffffff;\" aria-hidden=\"true\"><\/i><\/span><div class=\"fusion-separator-border sep-single sep-solid\" style=\"--awb-height:20px;--awb-amount:20px;--awb-sep-color:#ffffff;border-color:#ffffff;border-top-width:1px;\"><\/div><\/div><div class=\"fusion-sep-clear\"><\/div><div class=\"fusion-widget-area awb-widget-area-element fusion-widget-area-1 fusion-content-widget-area\" style=\"--awb-title-color:#0b5d92;--awb-padding:0px 0px 0px 0px;\"><div id=\"nav_menu-3\" class=\"widget widget_nav_menu\"><div class=\"menu-cocos-island-en-container\"><ul id=\"menu-cocos-island-en\" class=\"menu\"><li id=\"menu-item-16481\" class=\"menu-item menu-item-type-post_type menu-item-object-page menu-item-16481\"><a href=\"https:\/\/cocosisland.org\/en\/cocos-island-summary\/\">Cocos Island National Park<\/a><\/li>\n<li id=\"menu-item-15923\" class=\"menu-item menu-item-type-post_type menu-item-object-page menu-item-15923\"><a href=\"https:\/\/cocosisland.org\/en\/cocos-island-national-park-creation-location\/\">Creation and Location<\/a><\/li>\n<li id=\"menu-item-15508\" class=\"menu-item menu-item-type-post_type menu-item-object-page menu-item-15508\"><a href=\"https:\/\/cocosisland.org\/en\/biodiversity-and-endemic-species-from-cocos-island\/\">Biodiversity and Endemic Species<\/a><\/li>\n<li id=\"menu-item-15914\" class=\"menu-item menu-item-type-post_type menu-item-object-page menu-item-15914\"><a href=\"https:\/\/cocosisland.org\/en\/cocos-island-coral-reefs\/\">Coral reefs<\/a><\/li>\n<li id=\"menu-item-15509\" class=\"menu-item menu-item-type-post_type menu-item-object-page menu-item-15509\"><a href=\"https:\/\/cocosisland.org\/en\/sea-birds-of-cocos-island\/\">Sea Birds<\/a><\/li>\n<li id=\"menu-item-15917\" class=\"menu-item menu-item-type-post_type menu-item-object-page menu-item-15917\"><a href=\"https:\/\/cocosisland.org\/en\/cocos-island-sharks\/\">Sharks<\/a><\/li>\n<li id=\"menu-item-15922\" class=\"menu-item menu-item-type-post_type menu-item-object-page menu-item-15922\"><a href=\"https:\/\/cocosisland.org\/en\/cinp-management-plan\/\">General management plan<\/a><\/li>\n<li id=\"menu-item-15921\" class=\"menu-item menu-item-type-post_type menu-item-object-page menu-item-15921\"><a href=\"https:\/\/cocosisland.org\/en\/threats-cocos-island\/\">Threats<\/a><\/li>\n<li id=\"menu-item-15915\" class=\"menu-item menu-item-type-post_type menu-item-object-page menu-item-15915\"><a href=\"https:\/\/cocosisland.org\/en\/cocos-island-world-heritage\/\">Declarations<\/a><\/li>\n<li id=\"menu-item-15919\" class=\"menu-item menu-item-type-post_type menu-item-object-page menu-item-15919\"><a href=\"https:\/\/cocosisland.org\/en\/history-of-cocos-island\/\">History<\/a><\/li>\n<\/ul><\/div><\/div><div class=\"fusion-additional-widget-content\"><\/div><\/div><div class=\"fusion-image-element in-legacy-container\" style=\"--awb-caption-title-font-family:var(--h2_typography-font-family);--awb-caption-title-font-weight:var(--h2_typography-font-weight);--awb-caption-title-font-style:var(--h2_typography-font-style);--awb-caption-title-size:var(--h2_typography-font-size);--awb-caption-title-transform:var(--h2_typography-text-transform);--awb-caption-title-line-height:var(--h2_typography-line-height);--awb-caption-title-letter-spacing:var(--h2_typography-letter-spacing);\"><span class=\" fusion-imageframe imageframe-none imageframe-1 hover-type-none\"><img decoding=\"async\" width=\"526\" height=\"599\" alt=\"Sharks of the Cocos Island National Park\" title=\"Tiburones Isla del Coco Costa RIca\" src=\"https:\/\/cocosisland.org\/wp-content\/uploads\/2018\/10\/isla-del-coco-tiburon-costa-rica.jpg\" class=\"img-responsive wp-image-15188\" srcset=\"https:\/\/cocosisland.org\/wp-content\/uploads\/2018\/10\/isla-del-coco-tiburon-costa-rica-200x228.jpg 200w, https:\/\/cocosisland.org\/wp-content\/uploads\/2018\/10\/isla-del-coco-tiburon-costa-rica-400x456.jpg 400w, https:\/\/cocosisland.org\/wp-content\/uploads\/2018\/10\/isla-del-coco-tiburon-costa-rica.jpg 526w\" sizes=\"(max-width: 800px) 100vw, 400px\" \/><\/span><\/div><div class=\"fusion-clearfix\"><\/div><\/div><\/div><div class=\"fusion-layout-column fusion_builder_column fusion-builder-column-1 fusion_builder_column_3_4 3_4 fusion-three-fourth fusion-column-last\" style=\"--awb-padding-top:15px;--awb-padding-right:4%;--awb-padding-bottom:30px;--awb-padding-left:0px;--awb-bg-position:right center;--awb-bg-size:cover;--awb-margin-bottom:0px;width:75%;width:calc(75% - ( ( 4% ) * 0.75 ) );\"><div class=\"fusion-column-wrapper fusion-flex-column-wrapper-legacy\"><div class=\"fusion-text fusion-text-2\"><h1 class=\"p1\">Sharks<\/h1>\n<h2>Importance and threats<\/h2>\n<p class=\"justified\">Sharks are &#8220;top predators&#8221; in the trophic chain, and with respect to other organisms (bony fish, crustaceans, mollusks), these have a lower reproductive rate and natural mortality. These characteristics make sharks particularly vulnerable to overexploitation; since under constant catch pressure, they will take much longer to recover. Despite this, in the last two decades, the shark-targeted fishery has intensified. A recent global assessment with data from the International Union for Conservation of Nature (IUCN) determined that a quarter of all species of sharks and rays are endangered, which makes them the most threatened group of marine vertebrates today.<\/p>\n<h2>Sharks of the Cocos Island National Park<\/h2>\n<p class=\"justified\">Cocos Island is known as the &#8220;island of sharks&#8221; as it is one of the few refuges in the world where it is still possible to observe great abundance of several species of sharks, which is why it is visited by hundreds of tourists every year. This World Heritage Site has the largest gatherings of hammerhead sharks (Sphyrna lewini) of the world, here in the Pacific Ocean, together with other major pelagic species. Thus, it is one of the most important genetic banks of the Eastern Tropical Pacific.<\/p>\n<p class=\"justified\">14 species of sharks have been reported in the CINP (Bussing &amp; L\u00f3pez, 2005, Cort\u00e9s et al., 2012). Some species are residents, such as the whitetip reef shark (Triaenodon obesus), while others are highly migratory, such as the hammerhead shark (S. lewini) and the whale shark (Rhincodon typus). The seamounts, islets, and bays of the CINP represent essential habitats (areas for feeding, resting, cleaning, copulation) for the different shark species.<\/p>\n<p class=\"justified\">List of species: Sharks reported for <a href=\"https:\/\/cocosisland.org\/en\/cocos-island-summary\/\">Cocos Island National Park<\/a> and <a href=\"https:\/\/cocosisland.org\/en\/seamounts-marine-management-area\/\">Seamounts Marine Management Area<\/a> (Prepared by FAICO based on Bussing, &amp; L\u00f3pez, 2005, Cort\u00e9s et al., 2012).<\/p>\n<\/div>\n<div class=\"table-2\">\n<table width=\"100%\">\n<thead>\n<tr>\n<th align=\"left\">Family<\/th>\n<th align=\"left\">Species<\/th>\n<th align=\"left\">Common Name<\/th>\n<th align=\"left\">CITES<\/th>\n<th align=\"left\">UICN<\/th>\n<\/tr>\n<\/thead>\n<tbody>\n<tr>\n<td align=\"left\">Alopiidae<\/td>\n<td align=\"left\"><i>Alopias vulpinus<\/i><\/td>\n<td align=\"left\">Common thresher shark<\/td>\n<td align=\"left\">Appendix II<\/td>\n<td align=\"left\">VU<\/td>\n<\/tr>\n<tr>\n<td align=\"left\">Carcharhinidae<\/td>\n<td align=\"left\"><i><i>Carcharhinus\u00a0<\/i><\/i><i>albimarginatus<\/i><\/td>\n<td align=\"left\">Silvertip shark<\/td>\n<td align=\"left\"><\/td>\n<td align=\"left\">VU<\/td>\n<\/tr>\n<tr>\n<td align=\"left\">Carcharhinidae<\/td>\n<td align=\"left\"><i>Carcharhinus falciformis <\/i><\/td>\n<td align=\"left\">Silky shark<\/td>\n<td align=\"left\">Appendix II<\/td>\n<td align=\"left\">VU<\/td>\n<\/tr>\n<tr>\n<td align=\"left\">Carcharhinidae<\/td>\n<td align=\"left\"><i>Carcharhinus galapagensis<\/i><\/td>\n<td align=\"left\">Galapagos shark<\/td>\n<td align=\"left\"><\/td>\n<td align=\"left\">NT<\/td>\n<\/tr>\n<tr>\n<td align=\"left\">Carcharhinidae<\/td>\n<td align=\"left\"><i>Carcharhinus limbatus<\/i><\/td>\n<td align=\"left\">Blacktip shark<\/td>\n<td align=\"left\"><\/td>\n<td align=\"left\">NT<\/td>\n<\/tr>\n<tr>\n<td align=\"left\">Carcharhinidae<\/td>\n<td align=\"left\"><i>Galeocerdo cuvier<\/i><\/td>\n<td align=\"left\">Tiger shark<\/td>\n<td align=\"left\"><\/td>\n<td align=\"left\">NT<\/td>\n<\/tr>\n<tr>\n<td align=\"left\">Carcharhinidae<\/td>\n<td align=\"left\"><i>Rhizoprionodon longurio<\/i><\/td>\n<td align=\"left\">Pacific Sharpnose shark<\/td>\n<td align=\"left\"><\/td>\n<td align=\"left\">DD<\/td>\n<\/tr>\n<tr>\n<td align=\"left\">Carcharhinidae<\/td>\n<td align=\"left\"><i>Triaenodon obesus<\/i><\/td>\n<td align=\"left\">Whitetip Reef shark<\/td>\n<td align=\"left\"><\/td>\n<td align=\"left\">NT<\/td>\n<\/tr>\n<tr>\n<td align=\"left\">Echinorhinidae<\/td>\n<td align=\"left\"><i>Echinorhinus cookei<\/i><\/td>\n<td align=\"left\">Prickly shark<\/td>\n<td align=\"left\"><\/td>\n<td align=\"left\">NT<\/td>\n<\/tr>\n<tr>\n<td align=\"left\">Ginglymostomatidae<\/td>\n<td align=\"left\"><i>Ginglymostoma cirratum<\/i><\/td>\n<td align=\"left\">Nurse shark<\/td>\n<td align=\"left\"><\/td>\n<td align=\"left\">DD<\/td>\n<\/tr>\n<tr>\n<td align=\"left\">Odontaspididae<\/td>\n<td align=\"left\"><i>Odontaspis ferox<\/i><\/td>\n<td align=\"left\">Smalltooth sand tiger shark<\/td>\n<td align=\"left\"><\/td>\n<td align=\"left\">VU<\/td>\n<\/tr>\n<tr>\n<td align=\"left\">Rhincodontidae<\/td>\n<td align=\"left\"><i>Rhincodon typus<\/i><\/td>\n<td align=\"left\">Whale skark<\/td>\n<td align=\"left\">Appendix II<\/td>\n<td align=\"left\">EN<\/td>\n<\/tr>\n<tr>\n<td align=\"left\">Sphyrnidae<\/td>\n<td align=\"left\"><i>Sphyrna lewini<\/i><\/td>\n<td align=\"left\">Scalloped hammerhead shark<\/td>\n<td align=\"left\">Appendix II<\/td>\n<td align=\"left\">EN<\/td>\n<\/tr>\n<tr>\n<td align=\"left\">Sphyrnidae<\/td>\n<td align=\"left\"><i>Sphyrna mokarran<\/i><\/td>\n<td align=\"left\">Great hammerhead shark<\/td>\n<td align=\"left\">Appendix II<\/td>\n<td align=\"left\">EN<\/td>\n<\/tr>\n<\/tbody>\n<\/table>\n<\/div>\n<p class=\"p1\"><span class=\"s1\"><br \/>\nSource: Prepared by FAICO, based on <\/span><span class=\"s2\">Bussing, &amp; L\u00f3pez, 2005; Cort\u00e9s et al., 2012.<\/span><\/p>\n<div class=\"fusion-sep-clear\"><\/div><div class=\"fusion-separator fusion-full-width-sep\" style=\"margin-left: auto;margin-right: auto;margin-top:30px;width:100%;\"><\/div><div class=\"fusion-sep-clear\"><\/div><div class=\"fusion-text fusion-text-3\"><h2 class=\"justified\">Research<\/h2>\n<p class=\"p1\"><span class=\"s1\">The Cocos Island National Park (CINP) is part of the <a href=\"https:\/\/cocosisland.org\/en\/cmar-marine-corridor-eastern-tropical-pacific\/\"><span class=\"s2\">Marine Corridor of the Eastern Tropical Pacific (CMAR)<\/span><\/a>. In order to implement transboundary conservation strategies for pelagic species such as sharks, rays, and turtles, it is necessary to generate information about habitat use, living patterns, and migratory routes (Hearn et al., 2014). The information on the movement of species allows identifying other sites of importance for conservation within the Eastern Tropical Pacific Ocean, where it will be necessary to implement management actions.Despite the efforts that have been made to mark several species of sharks, migratory movements between the continental islands of the Eastern Tropical Pacific Ocean have been clearly documented only for <i>Sphyrna lewini <\/i>(hammerhead shark). However, the <a href=\"https:\/\/cocosisland.org\/en\/cocos-island-summary\/\"><span class=\"s3\">CINP<\/span><\/a><\/span> <span class=\"s1\">and the <a href=\"https:\/\/cocosisland.org\/en\/seamounts-marine-management-area\/\"><span class=\"s3\">AMM-MS<\/span><\/a> are important sites for many other <a href=\"https:\/\/cocosisland.org\/en\/cinp-management-plan\/\"><span class=\"s3\">pelagic species<\/span><\/a>.<\/span><\/p>\n<p class=\"p1\"><span class=\"s1\">In the case of the CINP, numerous studies on sharks, on their population, and on their migration patterns are being carried out thanks to organizations such as the <a href=\"https:\/\/cocosisland.org\/en\"><span class=\"s2\">Friends of Cocos Island Foundation (FAICO)<\/span><\/a>, CIMAR-UCR and <a href=\"http:\/\/misiontiburon.org\/en\/\" target=\"_blank\" rel=\"noopener noreferrer\"><span class=\"s2\">Misi\u00f3n Tibur\u00f3n <\/span><\/a>(e.g. Zanella et al., 2015), which in collaboration with the Cocos Marine Conservation Area (ACMC-SINAC) seek to provide information on the benefits of proper management of these marine protected areas.<\/span><\/p>\n<\/div><div class=\"accordian fusion-accordian\" style=\"--awb-border-size:1px;--awb-icon-size:18px;--awb-content-font-size:16px;--awb-icon-alignment:left;--awb-hover-color:#f2f2f2;--awb-border-color:#eaeaea;--awb-background-color:#f4f4f4;--awb-divider-color:#e0dede;--awb-divider-hover-color:#e0dede;--awb-icon-color:#ffffff;--awb-title-color:#74bd4c;--awb-content-color:#747474;--awb-icon-box-color:#74bd4c;--awb-toggle-hover-accent-color:#03a9f4;--awb-title-font-family:&quot;Montserrat&quot;;--awb-title-font-weight:400;--awb-title-font-style:normal;--awb-title-font-size:18px;--awb-content-font-family:&quot;Montserrat&quot;;--awb-content-font-style:normal;--awb-content-font-weight:400;\"><div class=\"panel-group fusion-toggle-icon-boxed\" id=\"accordion-15647-1\"><div class=\"fusion-panel panel-default panel-210ba98757f0506ef fusion-toggle-no-divider fusion-toggle-boxed-mode\"><div class=\"panel-heading\"><h4 class=\"panel-title toggle\" id=\"toggle_210ba98757f0506ef\"><a aria-expanded=\"false\" aria-controls=\"210ba98757f0506ef\" role=\"button\" data-toggle=\"collapse\" data-target=\"#210ba98757f0506ef\" href=\"#210ba98757f0506ef\"><span class=\"fusion-toggle-icon-wrapper\" aria-hidden=\"true\"><i class=\"fa-fusion-box active-icon awb-icon-minus\" aria-hidden=\"true\"><\/i><i class=\"fa-fusion-box inactive-icon awb-icon-plus\" aria-hidden=\"true\"><\/i><\/span><span class=\"fusion-toggle-heading\">Bibliography<\/span><\/a><\/h4><\/div><div id=\"210ba98757f0506ef\" class=\"panel-collapse collapse \" aria-labelledby=\"toggle_210ba98757f0506ef\"><div class=\"panel-body toggle-content fusion-clearfix\">\n<p class=\"p1\"><span class=\"s1\">Abercrombie, D. L., Clarke, S. C., &amp; Shivji, M. S. (2005). Global-scale genetic identification of hammerhead sharks: application to assessment of the international fin trade and law enforcement. Conservation genetics, 6(5), 775-788.<\/span><\/p>\n<p class=\"p1\"><span class=\"s1\">ACMIC (2002). La presentaci\u00f3n de informes peri\u00f3dicos sobre la aplicaci\u00f3n de la convenci\u00f3n del patrimonio mundial. Secci\u00f3n II: Estado de conservaci\u00f3n de bienes espec\u00edficos del Patrimonio Mundial. San Jos\u00e9, Costa Rica: UNESCO.<\/span><\/p>\n<p class=\"p1\"><span class=\"s1\">Bussing, W. A., &amp; L\u00f3pez, M. I. (2005). Peces de la Isla del Coco y peces arrecifales de la costa Pac\u00edfica de Am\u00e9rica Central meridional\/Fishes of Cocos Island and Reef Fishes of the Pacific Coast of Lower Central America. Revista de Biolog\u00eda Tropical, 53(Suplemento 2), 5-192.<\/span><\/p>\n<p class=\"p1\"><span class=\"s1\">Cort\u00e9s, J., S\u00e1nchez-Jim\u00e9nez, A., Rodr\u00edguez-Arrieta, J. A., Quir\u00f3s-Barrantes, G., Gonz\u00e1lez, P. C., &amp; Blum, S. 2012. Elasmobranchs observed in deepwaters (45-330m) at Isla del Coco National Park, Costa Rica (Eastern Tropical Pacific). Revista de Biolog\u00eda Tropical, 60(Suplemento 3): 257-273<\/span><\/p>\n<p class=\"p1\"><span class=\"s1\">Dulvy, N. K., S. L. Fowler, J. A. Musick, R. D. Cavanagh, P. M. Kyne, L. R. Harrison, J. K. Carlson, L. N. Davidson, S. V Fordham, M. P. Francis, C. M. Pollock, C. A. Simpfendorfer, G. H. Burgess, K. E. Carpenter, L. J. V Compagno, D. A. Ebert, C. Gibson, M. R. Heupel, S. R. Livingstone, J. C. Sanciangco, J. D. Stevens, S. Valenti, and W. T. White. 2014. Extinction risk and conservation of the world\u2019s sharks and rays.<\/span><\/p>\n<p class=\"p1\"><span class=\"s1\">Hearn, A.R., Acu\u00f1a, D., Ketchum, J.T, Pe\u00f1aherrera, C., Green J., Marshall, A., Guerrero, M., y Shillinger, G. (2014). Elasmobranchs of the Galapagos marine reserve. En Denkinger, J., y Vinueza, L. (Eds.).The Galapagos Marine Reserve (pp. 23-59). Nueva York, EE. UU: Springer International Publishing.<\/span><\/p>\n<p class=\"p1\"><span class=\"s1\">SINAC (Sistema Nacional de \u00c1reas de Conservaci\u00f3n, CR). 2016. Diagn\u00f3stico para la actualizaci\u00f3n del Plan General de Manejo del Parque Nacional Marino Isla del Coco. Eds: H. Acevedo, V. Obando y Y. Villalobos. San Jos\u00e9, Costa Rica. 147 p.<\/span><\/p>\n<p class=\"p1\"><span class=\"s1\">SINAC (Sistema Nacional de \u00c1reas de Conservaci\u00f3n). 2018. Diagn\u00f3stico para los Planes de Investigaci\u00f3n del \u00c1rea de Conservaci\u00f3n Marina Cocos (ACMC). San Jos\u00e9, Costa Rica. 60p.<\/span><\/p>\n<p class=\"p1\"><span class=\"s1\">Zanella, I., L\u00f3pez, A., Mart\u00ednez, F., Golf\u00edn, G., Morales, K. 2015. Poblaciones de tiburones en las Bah\u00edas Chatam y Wafer del Parque Nacional Isla del Coco, Costa Rica.<span class=\"Apple-converted-space\">\u00a0 <\/span>Rev.Biol.Trop. 64(Suppl 1): 177-186. Febrero 2016.<\/span><\/p>\n<\/div><\/div><\/div><\/div><\/div><div class=\"fusion-clearfix\"><\/div><\/div><\/div><\/div><\/div>\n","protected":false},"excerpt":{"rendered":"","protected":false},"author":4,"featured_media":0,"parent":0,"menu_order":0,"comment_status":"closed","ping_status":"closed","template":"100-width.php","meta":{"footnotes":""},"class_list":["post-15647","page","type-page","status-publish","hentry"],"_links":{"self":[{"href":"https:\/\/cocosisland.org\/en\/wp-json\/wp\/v2\/pages\/15647","targetHints":{"allow":["GET"]}}],"collection":[{"href":"https:\/\/cocosisland.org\/en\/wp-json\/wp\/v2\/pages"}],"about":[{"href":"https:\/\/cocosisland.org\/en\/wp-json\/wp\/v2\/types\/page"}],"author":[{"embeddable":true,"href":"https:\/\/cocosisland.org\/en\/wp-json\/wp\/v2\/users\/4"}],"replies":[{"embeddable":true,"href":"https:\/\/cocosisland.org\/en\/wp-json\/wp\/v2\/comments?post=15647"}],"version-history":[{"count":7,"href":"https:\/\/cocosisland.org\/en\/wp-json\/wp\/v2\/pages\/15647\/revisions"}],"predecessor-version":[{"id":15928,"href":"https:\/\/cocosisland.org\/en\/wp-json\/wp\/v2\/pages\/15647\/revisions\/15928"}],"wp:attachment":[{"href":"https:\/\/cocosisland.org\/en\/wp-json\/wp\/v2\/media?parent=15647"}],"curies":[{"name":"wp","href":"https:\/\/api.w.org\/{rel}","templated":true}]}}