{"id":15715,"date":"2018-10-21T02:50:38","date_gmt":"2018-10-21T02:50:38","guid":{"rendered":"https:\/\/cocosisland.org\/cmar-marine-corridor-eastern-tropical-pacific\/"},"modified":"2024-05-01T15:37:24","modified_gmt":"2024-05-01T15:37:24","slug":"cmar-marine-corridor-eastern-tropical-pacific","status":"publish","type":"page","link":"https:\/\/cocosisland.org\/en\/cmar-marine-corridor-eastern-tropical-pacific\/","title":{"rendered":"Cocos Island &#8211; Marine Corridor of the Eastern Tropical Pacific (CMAR)"},"content":{"rendered":"<p><div class=\"fusion-fullwidth fullwidth-box fusion-builder-row-1 fusion-parallax-none bg-third hundred-percent-fullwidth non-hundred-percent-height-scrolling\" style=\"--awb-background-position:right top;--awb-border-radius-top-left:0px;--awb-border-radius-top-right:0px;--awb-border-radius-bottom-right:0px;--awb-border-radius-bottom-left:0px;--awb-padding-top:0px;--awb-padding-right:0px;--awb-padding-bottom:0px;--awb-padding-left:0px;--awb-margin-top:0px;--awb-margin-bottom:0px;--awb-background-color:#ffffff;--awb-background-image:url(&quot;https:\/\/cocosisland.org\/wp-content\/uploads\/2018\/09\/isotipo-faico-celeste-derecha-claro.png&quot;);--awb-background-size:cover;--awb-flex-wrap:wrap;\" ><div class=\"fusion-builder-row fusion-row\"><div class=\"fusion-layout-column fusion_builder_column fusion-builder-column-0 fusion_builder_column_1_3 1_3 fusion-one-third fusion-column-first\" style=\"--awb-padding-top:20px;--awb-padding-right:5%;--awb-padding-bottom:0px;--awb-padding-left:5%;--awb-bg-size:cover;--awb-border-color:#03a9f4;--awb-border-right:0;--awb-border-style:dashed;--awb-margin-top:20px;--awb-margin-bottom:0px;width:33.333333333333%;width:calc(33.333333333333% - ( ( 0 ) * 0.33333333333333 ) );margin-right: 0px;\"><div class=\"fusion-column-wrapper fusion-flex-column-wrapper-legacy\"><div class=\"fusion-text fusion-text-1\"><h3 class=\"centered\">Map of the Marine Corridor of the Eastern Tropical Pacific &#8211; CMAR<\/h3>\n<\/div><div class=\"fusion-sep-clear\"><\/div><div class=\"fusion-separator fusion-has-icon\" style=\"margin-left: auto;margin-right: auto;margin-top:10px;margin-bottom:20px;width:100%;max-width:60%;\"><div class=\"fusion-separator-border sep-single sep-solid\" style=\"--awb-height:20px;--awb-amount:20px;--awb-sep-color:#0e67a7;border-color:#0e67a7;border-top-width:1px;\"><\/div><span class=\"icon-wrapper\" style=\"border-color:#0e67a7;background-color:#fcfcfc;font-size:16px;width: 1.75em; height: 1.75em;border-width:1px;padding:1px;margin-top:-0.5px\"><i class=\"fa-map-marked-alt fas\" style=\"font-size: inherit;color:#0e67a7;\" aria-hidden=\"true\"><\/i><\/span><div class=\"fusion-separator-border sep-single sep-solid\" style=\"--awb-height:20px;--awb-amount:20px;--awb-sep-color:#0e67a7;border-color:#0e67a7;border-top-width:1px;\"><\/div><\/div><div class=\"fusion-sep-clear\"><\/div><div class=\"fusion-widget-area awb-widget-area-element fusion-widget-area-1 fusion-content-widget-area fusion-no-medium-visibility fusion-no-large-visibility\" style=\"--awb-title-color:#0b5d92;--awb-padding:0px 0px 0px 0px;\"><div class=\"fusion-additional-widget-content\"><\/div><\/div><div class=\"fusion-image-element in-legacy-container\" style=\"--awb-caption-title-font-family:var(--h2_typography-font-family);--awb-caption-title-font-weight:var(--h2_typography-font-weight);--awb-caption-title-font-style:var(--h2_typography-font-style);--awb-caption-title-size:var(--h2_typography-font-size);--awb-caption-title-transform:var(--h2_typography-text-transform);--awb-caption-title-line-height:var(--h2_typography-line-height);--awb-caption-title-letter-spacing:var(--h2_typography-letter-spacing);\"><span class=\" fusion-imageframe imageframe-none imageframe-1 hover-type-none\"><a href=\"https:\/\/cocosisland.org\/wp-content\/uploads\/2024\/04\/Corredor-Marino-del-Pacifico-Este-Tropical-300x212.webp\" class=\"fusion-lightbox\" data-rel=\"iLightbox[404c2358f83959e85d4]\" data-title=\"Corredor-Marino-del-Pacifico-Este-Tropical\" title=\"Corredor-Marino-del-Pacifico-Este-Tropical\"><img decoding=\"async\" width=\"300\" height=\"212\" alt=\"Map of the Marine Corridor of the Eastern Tropical Pacific - CMAR\" src=\"https:\/\/cocosisland.org\/wp-content\/uploads\/2024\/04\/Corredor-Marino-del-Pacifico-Este-Tropical-300x212.webp\" class=\"img-responsive wp-image-21124\" srcset=\"https:\/\/cocosisland.org\/wp-content\/uploads\/2024\/04\/Corredor-Marino-del-Pacifico-Este-Tropical-200x141.webp 200w, https:\/\/cocosisland.org\/wp-content\/uploads\/2024\/04\/Corredor-Marino-del-Pacifico-Este-Tropical-300x212.webp 300w, https:\/\/cocosisland.org\/wp-content\/uploads\/2024\/04\/Corredor-Marino-del-Pacifico-Este-Tropical-400x283.webp 400w, https:\/\/cocosisland.org\/wp-content\/uploads\/2024\/04\/Corredor-Marino-del-Pacifico-Este-Tropical-600x424.webp 600w, https:\/\/cocosisland.org\/wp-content\/uploads\/2024\/04\/Corredor-Marino-del-Pacifico-Este-Tropical-768x543.webp 768w, https:\/\/cocosisland.org\/wp-content\/uploads\/2024\/04\/Corredor-Marino-del-Pacifico-Este-Tropical-800x566.webp 800w, https:\/\/cocosisland.org\/wp-content\/uploads\/2024\/04\/Corredor-Marino-del-Pacifico-Este-Tropical.webp 1022w\" sizes=\"(max-width: 800px) 100vw, 400px\" \/><\/a><\/span><\/div><div class=\"fusion-clearfix\"><\/div><\/div><\/div><div class=\"fusion-layout-column fusion_builder_column fusion-builder-column-1 fusion_builder_column_2_3 2_3 fusion-two-third fusion-column-last\" style=\"--awb-padding-top:20px;--awb-padding-right:5%;--awb-padding-left:0px;--awb-bg-size:cover;--awb-margin-bottom:0px;width:66.666666666667%;width:calc(66.666666666667% - ( ( 0 ) * 0.66666666666667 ) );\"><div class=\"fusion-column-wrapper fusion-flex-column-wrapper-legacy\"><div class=\"fusion-text fusion-text-2\"><h1 style=\"font-size: 36px; font-weight: bold;\"><b>Corridor of the Eastern Tropical Pacific (CMAR)<br \/>\n<\/b><\/h1>\n<p class=\"p1\"><span class=\"s1\">Cocos Island is located 625 kilometers southwest of Coiba Island (Panama), 630 kilometers west of Malpelo Island (Colombia), and about 681 kilometers northeast of Pinta Island in the Galapagos Archipelago (Ecuador).<span class=\"Apple-converted-space\">\u00a0 <\/span>All these islands are oceanic and are part of the Marine Corridor of the Eastern Tropical Pacific -CMAR-.<\/span><\/p>\n<p class=\"p1\"><span class=\"s1\">CMAR is a regional initiative for conservation and sustainable use, which seeks the proper management of biodiversity and of the marine and coastal resources of the Eastern Tropical Pacific in 4 countries: Costa Rica, Panama, Colombia, and Ecuador, through regional government strategies. It was confirmed in 2004.<\/span><\/p>\n<\/div><div class=\"accordian fusion-accordian\" style=\"--awb-border-size:1px;--awb-icon-size:15px;--awb-content-font-size:16px;--awb-icon-alignment:left;--awb-hover-color:#f9f9f9;--awb-border-color:#cccccc;--awb-background-color:#ffffff;--awb-divider-color:#e0dede;--awb-divider-hover-color:#e0dede;--awb-icon-color:#ffffff;--awb-title-color:#74bd4c;--awb-content-color:#747474;--awb-icon-box-color:#03a9f4;--awb-toggle-hover-accent-color:#a0ce4e;--awb-title-font-family:&quot;Montserrat&quot;;--awb-title-font-weight:400;--awb-title-font-style:normal;--awb-content-font-family:&quot;Montserrat&quot;;--awb-content-font-style:normal;--awb-content-font-weight:400;\"><div class=\"panel-group fusion-toggle-icon-boxed\" id=\"accordion-15715-1\"><div class=\"fusion-panel panel-default panel-c889f3fffeeb11bf9 fusion-toggle-no-divider\"><div class=\"panel-heading\"><h4 class=\"panel-title toggle\" id=\"toggle_c889f3fffeeb11bf9\"><a aria-expanded=\"false\" aria-controls=\"c889f3fffeeb11bf9\" role=\"button\" data-toggle=\"collapse\" data-parent=\"#accordion-15715-1\" data-target=\"#c889f3fffeeb11bf9\" href=\"#c889f3fffeeb11bf9\"><span class=\"fusion-toggle-icon-wrapper\" aria-hidden=\"true\"><i class=\"fa-fusion-box active-icon awb-icon-minus\" aria-hidden=\"true\"><\/i><i class=\"fa-fusion-box inactive-icon awb-icon-plus\" aria-hidden=\"true\"><\/i><\/span><span class=\"fusion-toggle-heading\">Importance<\/span><\/a><\/h4><\/div><div id=\"c889f3fffeeb11bf9\" class=\"panel-collapse collapse \" aria-labelledby=\"toggle_c889f3fffeeb11bf9\"><div class=\"panel-body toggle-content fusion-clearfix\">\n<div class=\"page\" title=\"Page 36\">\n<div class=\"layoutArea\">\n<div class=\"column\">\n<p class=\"p1\"><span class=\"s1\">CMAR is defined by its oceanographic, bathymetric (topography of the seabed), and ecological connectivity characteristics. This region represents one of the most productive areas in the Eastern Pacific, and it is one of the biogeographic provinces with the greatest biological diversity in the world.<\/span><\/p>\n<p class=\"p1\"><span class=\"s1\">You can find the submarine formations of the Cocos Mountain Range to the north (Cocos Island) and the Carnegie Range to the south (Galapagos Islands), as well as the extensive Panama Canal basin (3000 m deep), which is concentrate in this region. The Gal\u00e1pagos Archipelago is part of an active geological &#8220;hotspot&#8221; for at least 20 million years.<\/span><\/p>\n<p class=\"p1\"><span class=\"s1\">It gathers a significant number of unique and particularly vulnerable habitats and ecosystems that harbor a great biological diversity and productivity that includes endangered endemic marine and terrestrial species of great ecological, economic, and aesthetic importance. The fauna of the Corridor includes whales (blue and humpback) and endangered marine turtles, as well as diversity of species of tuna, shark, stingrays, billfish (i.e. swordfish, striped marlin, blue marlin, and sailfish), and seabirds. The islands of this region have some of the few coral reefs within the Eastern Tropical Pacific Ocean that are well preserved.<\/span><\/p>\n<p class=\"p1\"><span class=\"s1\">Several marine currents converge and condition the dispersion of marine larvae and influence the patterns of migration, mobilization, and distribution (reproduction and feeding) of a large number of species of regional and global relevance. Climatic dynamics such as the ENSO phenomenon (El Ni\u00f1o) cause this region to be subject to constant environmental stress.<\/span><\/p>\n<\/div>\n<\/div>\n<\/div>\n<\/div><\/div><\/div><div class=\"fusion-panel panel-default panel-32ab4326fbdbdc854 fusion-toggle-no-divider\"><div class=\"panel-heading\"><h4 class=\"panel-title toggle\" id=\"toggle_32ab4326fbdbdc854\"><a aria-expanded=\"false\" aria-controls=\"32ab4326fbdbdc854\" role=\"button\" data-toggle=\"collapse\" data-parent=\"#accordion-15715-1\" data-target=\"#32ab4326fbdbdc854\" href=\"#32ab4326fbdbdc854\"><span class=\"fusion-toggle-icon-wrapper\" aria-hidden=\"true\"><i class=\"fa-fusion-box active-icon awb-icon-minus\" aria-hidden=\"true\"><\/i><i class=\"fa-fusion-box inactive-icon awb-icon-plus\" aria-hidden=\"true\"><\/i><\/span><span class=\"fusion-toggle-heading\">Management issues<\/span><\/a><\/h4><\/div><div id=\"32ab4326fbdbdc854\" class=\"panel-collapse collapse \" aria-labelledby=\"toggle_32ab4326fbdbdc854\"><div class=\"panel-body toggle-content fusion-clearfix\">\n<p class=\"p1\"><span class=\"s1\">CMAR seeks to promote a close and voluntary collaboration of the four member countries, focusing on 4 main topics:<\/span><\/p>\n<p class=\"p1\"><span class=\"s1\"><b>Biodiversity<\/b>: To promote the conservation of ecosystems and marine protected areas, vital habitats for reproduction and development of different species.<\/span><\/p>\n<p class=\"p1\"><span class=\"s1\"><b>Fishing<\/b>: To strengthen cooperation among the 4 countries to reinforce information and management that guarantee the sustainable use of resources, as well as to strengthen monitoring systems given the migratory nature of many of the species in the Corridor.<\/span><\/p>\n<p class=\"p1\"><span class=\"s1\"><b>Responsible tourism: <\/b>To develop good sustainable tourism practices and implement monitoring systems to promote responsible tourism and improve control of tourism activities in protected areas and in areas of influence of CMAR.<\/span><\/p>\n<p class=\"p1\"><span class=\"s1\"><b>Prevention and Control<\/b>: To improve control and monitoring systems for marine protected areas and zones of influence of CMAR.<\/span><\/p>\n<\/div><\/div><\/div><div class=\"fusion-panel panel-default panel-d8333426d4fc6107a fusion-toggle-no-divider\"><div class=\"panel-heading\"><h4 class=\"panel-title toggle\" id=\"toggle_d8333426d4fc6107a\"><a aria-expanded=\"false\" aria-controls=\"d8333426d4fc6107a\" role=\"button\" data-toggle=\"collapse\" data-parent=\"#accordion-15715-1\" data-target=\"#d8333426d4fc6107a\" href=\"#d8333426d4fc6107a\"><span class=\"fusion-toggle-icon-wrapper\" aria-hidden=\"true\"><i class=\"fa-fusion-box active-icon awb-icon-minus\" aria-hidden=\"true\"><\/i><i class=\"fa-fusion-box inactive-icon awb-icon-plus\" aria-hidden=\"true\"><\/i><\/span><span class=\"fusion-toggle-heading\">Threats<\/span><\/a><\/h4><\/div><div id=\"d8333426d4fc6107a\" class=\"panel-collapse collapse \" aria-labelledby=\"toggle_d8333426d4fc6107a\"><div class=\"panel-body toggle-content fusion-clearfix\">\n<p class=\"p1\"><span class=\"s1\">The immediate anthropogenic threats to natural resources and sustainable development in this region are mainly physical alterations and the destruction of critical habitats and ecosystems, the overexploitation of natural resources, and the introduction of invasive species, together with climate variations that periodically impact the development of populations of both endemic and resident species.<\/span><\/p>\n<\/div><\/div><\/div><div class=\"fusion-panel panel-default panel-233796d95cfe2646a fusion-toggle-no-divider\"><div class=\"panel-heading\"><h4 class=\"panel-title toggle\" id=\"toggle_233796d95cfe2646a\"><a aria-expanded=\"false\" aria-controls=\"233796d95cfe2646a\" role=\"button\" data-toggle=\"collapse\" data-parent=\"#accordion-15715-1\" data-target=\"#233796d95cfe2646a\" href=\"#233796d95cfe2646a\"><span class=\"fusion-toggle-icon-wrapper\" aria-hidden=\"true\"><i class=\"fa-fusion-box active-icon awb-icon-minus\" aria-hidden=\"true\"><\/i><i class=\"fa-fusion-box inactive-icon awb-icon-plus\" aria-hidden=\"true\"><\/i><\/span><span class=\"fusion-toggle-heading\">Desired results<\/span><\/a><\/h4><\/div><div id=\"233796d95cfe2646a\" class=\"panel-collapse collapse \" aria-labelledby=\"toggle_233796d95cfe2646a\"><div class=\"panel-body toggle-content fusion-clearfix\">\n<p class=\"p1\"><span class=\"s1\">At the medium and long terms, cross-border partnerships have strengthened through CMAR aim the attainment of the following results:<\/span><\/p>\n<ol class=\"ol1\">\n<li class=\"li2\"><span class=\"s2\">Improved management and potential expansion of existing protected areas.<\/span><\/li>\n<li class=\"li2\"><span class=\"s2\">Identification of new protected areas.<\/span><\/li>\n<li class=\"li2\"><span class=\"s2\">Increased connectivity within the Corridor boundaries. <\/span><\/li>\n<li class=\"li2\"><span class=\"s2\">Protection and conservation of migratory species and key areas for breeding and feeding.<\/span><\/li>\n<li class=\"li2\"><span class=\"s2\">Protection of populations of critically endangered species and their habitats.<\/span><\/li>\n<\/ol>\n<\/div><\/div><\/div><\/div><\/div><div class=\"fusion-sep-clear\"><\/div><div class=\"fusion-separator fusion-full-width-sep\" style=\"margin-left: auto;margin-right: auto;margin-bottom:20px;width:100%;\"><\/div><div class=\"fusion-sep-clear\"><\/div><div class=\"fusion-content-boxes content-boxes columns row fusion-columns-1 fusion-columns-total-1 fusion-content-boxes-1 content-boxes-icon-with-title content-left\" style=\"--awb-backgroundcolor:#f4f4f4;--awb-title-color:#607d8b;--awb-iconcolor:#607d8b;--awb-hover-accent-color:#a0ce4e;--awb-circle-hover-accent-color:#a0ce4e;--awb-item-margin-bottom:40px;\" data-animationOffset=\"top-into-view\"><div style=\"--awb-backgroundcolor:#f4f4f4;--awb-iconcolor:#607d8b;\" class=\"fusion-column content-box-column content-box-column content-box-column-1 col-lg-12 col-md-12 col-sm-12 fusion-content-box-hover content-box-column-last content-box-column-last-in-row\"><div class=\"col content-box-wrapper content-wrapper-background link-area-link-icon icon-hover-animation-fade\" data-animationOffset=\"top-into-view\"><div class=\"heading heading-with-icon icon-left\"><div class=\"icon\"><i style=\"border-color:#fcfcfc;border-width:1px;background-color:#ffffff;box-sizing:content-box;height:42px;width:42px;line-height:42px;border-radius:50%;font-size:21px;\" aria-hidden=\"true\" class=\"fontawesome-icon fa-bookmark fas circle-yes\"><\/i><\/div><h4 class=\"content-box-heading\" style=\"--h4_typography-font-size:20px;line-height:25px;\">Bibliography<\/h4><\/div><div class=\"fusion-clearfix\"><\/div><div class=\"content-container\">\n<p class=\"p1\"><span class=\"s1\">CMAR (Corredor Marino del Pac\u00edfico Este Tropical). 2018.<span class=\"Apple-converted-space\">\u00a0 <\/span>Sitio web consultado el 07 set 2018. Disponible en <a href=\"http:\/\/cmarpacifico.org\/web-cmar\/\">http:\/\/cmarpacifico.org\/web-cmar\/<\/a><\/span><\/p>\n<p class=\"p2\"><span class=\"s1\">SINAC (Sistema Nacional de \u00c1reas de Conservaci\u00f3n, CR). 2016. Diagn\u00f3stico para la actualizaci\u00f3n del Plan General de Manejo del Parque Nacional Marino Isla del Coco. Eds: H. Acevedo, V. Obando y Y. Villalobos. San Jos\u00e9, Costa Rica. 147 p.<\/span><\/p>\n<\/div><\/div><\/div><div class=\"fusion-clearfix\"><\/div><\/div><div class=\"fusion-clearfix\"><\/div><\/div><\/div><\/div><\/div><div class=\"fusion-fullwidth fullwidth-box fusion-builder-row-2 nonhundred-percent-fullwidth non-hundred-percent-height-scrolling\" style=\"--awb-border-radius-top-left:0px;--awb-border-radius-top-right:0px;--awb-border-radius-bottom-right:0px;--awb-border-radius-bottom-left:0px;--awb-padding-top:0px;--awb-padding-bottom:0px;--awb-margin-top:0px;--awb-margin-bottom:0px;--awb-flex-wrap:wrap;\" ><div class=\"fusion-builder-row fusion-row\"><div class=\"fusion-layout-column fusion_builder_column fusion-builder-column-2 fusion_builder_column_1_1 1_1 fusion-one-full fusion-column-first fusion-column-last\" style=\"--awb-padding-top:0px;--awb-padding-bottom:0px;--awb-bg-blend:overlay;--awb-bg-size:cover;--awb-margin-bottom:0px;\"><div class=\"fusion-column-wrapper fusion-flex-column-wrapper-legacy\"><div class=\"fusion-section-separator section-separator curved fusion-section-separator-1\" style=\"--awb-spacer-height:99px;--awb-svg-margin-left:0;--awb-svg-margin-right:0;--awb-divider-height:99px;--awb-spacer-padding-top:inherit;--awb-sep-padding:0;--awb-svg-padding:0;\"><div class=\"fusion-section-separator-svg\"><svg class=\"fusion-curved-candy\" xmlns=\"http:\/\/www.w3.org\/2000\/svg\" version=\"1.1\" width=\"100%\" height=\"100\" viewBox=\"0 0 100 100\" preserveAspectRatio=\"none\" fill=\"rgba(14,103,167,1)\"><path d=\"M0 100 C 60 0 75 0 100 100 Z\"><\/path><\/svg><\/div><div class=\"fusion-section-separator-spacer\"><div class=\"fusion-section-separator-spacer-height\"><\/div><\/div><\/div><div class=\"fusion-clearfix\"><\/div><\/div><\/div><\/div><\/div>\n<\/p>\n","protected":false},"excerpt":{"rendered":"","protected":false},"author":4,"featured_media":0,"parent":0,"menu_order":0,"comment_status":"closed","ping_status":"closed","template":"100-width.php","meta":{"footnotes":""},"class_list":["post-15715","page","type-page","status-publish","hentry"],"_links":{"self":[{"href":"https:\/\/cocosisland.org\/en\/wp-json\/wp\/v2\/pages\/15715","targetHints":{"allow":["GET"]}}],"collection":[{"href":"https:\/\/cocosisland.org\/en\/wp-json\/wp\/v2\/pages"}],"about":[{"href":"https:\/\/cocosisland.org\/en\/wp-json\/wp\/v2\/types\/page"}],"author":[{"embeddable":true,"href":"https:\/\/cocosisland.org\/en\/wp-json\/wp\/v2\/users\/4"}],"replies":[{"embeddable":true,"href":"https:\/\/cocosisland.org\/en\/wp-json\/wp\/v2\/comments?post=15715"}],"version-history":[{"count":6,"href":"https:\/\/cocosisland.org\/en\/wp-json\/wp\/v2\/pages\/15715\/revisions"}],"predecessor-version":[{"id":21153,"href":"https:\/\/cocosisland.org\/en\/wp-json\/wp\/v2\/pages\/15715\/revisions\/21153"}],"wp:attachment":[{"href":"https:\/\/cocosisland.org\/en\/wp-json\/wp\/v2\/media?parent=15715"}],"curies":[{"name":"wp","href":"https:\/\/api.w.org\/{rel}","templated":true}]}}