{"id":15847,"date":"2019-03-11T03:56:33","date_gmt":"2019-03-11T03:56:33","guid":{"rendered":"https:\/\/cocosisland.org\/faico-projects\/project-conservation-of-sharks-cocos-island\/"},"modified":"2019-03-11T03:59:43","modified_gmt":"2019-03-11T03:59:43","slug":"project-conservation-of-sharks-cocos-island","status":"publish","type":"page","link":"https:\/\/cocosisland.org\/en\/faico-projects\/project-conservation-of-sharks-cocos-island\/","title":{"rendered":"Project &#8211; Research and conservation of migratory sharks of Cocos Island National Park"},"content":{"rendered":"<p><div class=\"fusion-fullwidth fullwidth-box fusion-builder-row-1 fusion-parallax-none bg-contained hundred-percent-fullwidth non-hundred-percent-height-scrolling fusion-equal-height-columns\" style=\"--awb-background-position:right center;--awb-border-radius-top-left:0px;--awb-border-radius-top-right:0px;--awb-border-radius-bottom-right:0px;--awb-border-radius-bottom-left:0px;--awb-padding-top:0px;--awb-padding-right:4%;--awb-padding-bottom:0px;--awb-padding-left:4%;--awb-margin-top:0px;--awb-margin-bottom:0px;--awb-background-color:#ffffff;--awb-background-image:url(&quot;https:\/\/cocosisland.org\/wp-content\/uploads\/2018\/09\/isotipo-faico-celeste-derecha-claro.png&quot;);--awb-background-size:cover;--awb-flex-wrap:wrap;\" ><div class=\"fusion-builder-row fusion-row\"><div class=\"fusion-layout-column fusion_builder_column fusion-builder-column-0 fusion_builder_column_1_2 1_2 fusion-one-half fusion-column-first contained\" style=\"--awb-padding-top:40px;--awb-padding-right:0px;--awb-padding-bottom:0px;--awb-padding-left:0px;--awb-bg-size:cover;--awb-margin-bottom:0px;width:50%;width:calc(50% - ( ( 3% ) * 0.5 ) );margin-right: 3%;\"><div class=\"fusion-column-wrapper fusion-flex-column-wrapper-legacy\"><div class=\"fusion-slider-sc fusion-flexslider-loading flexslider flexslider-hover-type-none project-slider\" data-slideshow_autoplay=\"1\" data-slideshow_smooth_height=\"1\" data-slideshow_speed=\"7000\" style=\"max-width:100%;height:100%;\"><ul class=\"slides\"><li class=\"image\"><span class=\"fusion-image-hover-element hover-type-none\"><img decoding=\"async\" src=\"https:\/\/cocosisland.org\/wp-content\/uploads\/2018\/11\/Faico-proyecto-investigacion-marcaje-tiburones-isla-del-coco-costa-rica-2.jpg\" width=\"674\" height=\"500\" \/><\/span><\/li><li class=\"image\"><span class=\"fusion-image-hover-element hover-type-none\"><img decoding=\"async\" src=\"https:\/\/cocosisland.org\/wp-content\/uploads\/2018\/11\/Faico-proyecto-investigacion-marcaje-tiburones-isla-del-coco-costa-rica-1.jpg\" width=\"674\" height=\"500\" \/><\/span><\/li><li class=\"image\"><span class=\"fusion-image-hover-element hover-type-none\"><img decoding=\"async\" src=\"https:\/\/cocosisland.org\/wp-content\/uploads\/2018\/11\/Faico-proyecto-investigacion-marcaje-tiburones-isla-del-coco-costa-rica-3.jpg\" width=\"674\" height=\"500\" \/><\/span><\/li><li class=\"image\"><span class=\"fusion-image-hover-element hover-type-none\"><img decoding=\"async\" src=\"https:\/\/cocosisland.org\/wp-content\/uploads\/2018\/11\/Faico-proyecto-investigacion-marcaje-tiburones-isla-del-coco-costa-rica-4.jpg\" width=\"674\" height=\"500\" \/><\/span><\/li><li class=\"image\"><span class=\"fusion-image-hover-element hover-type-none\"><img decoding=\"async\" src=\"https:\/\/cocosisland.org\/wp-content\/uploads\/2018\/11\/Faico-proyecto-investigacion-marcaje-tiburones-isla-del-coco-costa-rica-5.jpg\" width=\"674\" height=\"500\" \/><\/span><\/li><li class=\"image\"><span class=\"fusion-image-hover-element hover-type-none\"><img decoding=\"async\" src=\"https:\/\/cocosisland.org\/wp-content\/uploads\/2018\/11\/Faico-proyecto-investigacion-marcaje-tiburones-isla-del-coco-costa-rica-6.jpg\" width=\"674\" height=\"500\" \/><\/span><\/li><li class=\"image\"><span class=\"fusion-image-hover-element hover-type-none\"><img decoding=\"async\" src=\"https:\/\/cocosisland.org\/wp-content\/uploads\/2018\/11\/Faico-proyecto-investigacion-marcaje-tiburones-isla-del-coco-costa-rica-7.jpg\" width=\"674\" height=\"500\" \/><\/span><\/li><\/ul><\/div><div class=\"fusion-clearfix\"><\/div><\/div><\/div><div class=\"fusion-layout-column fusion_builder_column fusion-builder-column-1 fusion_builder_column_1_2 1_2 fusion-one-half fusion-column-last\" style=\"--awb-padding-top:20px;--awb-padding-bottom:10px;--awb-bg-size:cover;--awb-margin-bottom:0px;width:50%;width:calc(50% - ( ( 3% ) * 0.5 ) );\"><div class=\"fusion-column-wrapper fusion-flex-column-wrapper-legacy\"><div class=\"fusion-text fusion-text-1\"><h1 class=\"\" style=\"font-size: 165%!important; line-height: 140%!important;\">Research and conservation of migratory sharks of Cocos Island National Park<\/h1>\n<p class=\"\"><span class=\"s1\"><b> Project Objectives<\/b><\/span><\/p>\n<ol class=\"ol1\">\n<li class=\"li1\"><span class=\"s2\">To characterize the migratory behavior of several shark species that swim in waters surrounding Cocos Island National Park and <i>Golfo Dulce.<\/i><\/span><\/li>\n<li class=\"li1\"><span class=\"s2\">To propose strategies or recommendations that promote the conservation of sharks and their essential habitats<\/span><\/li>\n<\/ol>\n<p class=\"p2\"><span class=\"s3\">This project grew out of the cooperation initiative of the Thyssen-Bornemiza Art Contemporary Academy (TBA21-ACADEMY), the support of the Friends of Cocos Island Foundation (FAICO), and the conceptualization of the Shark Mission Conservation Association (<i>Asociaci\u00f3n Conservacionista Misi\u00f3n Tibur\u00f3n<\/i>) on the connectivity of these species in coastal and oceanic habitats, as a result of research conducted in partnership with the Cocos Marine Conservation Area.\u00a0\u00a0<\/span><\/p>\n<\/div><div class=\"fusion-clearfix\"><\/div><\/div><\/div><\/div><\/div><div class=\"fusion-fullwidth fullwidth-box fusion-builder-row-2 nonhundred-percent-fullwidth non-hundred-percent-height-scrolling\" style=\"--awb-border-radius-top-left:0px;--awb-border-radius-top-right:0px;--awb-border-radius-bottom-right:0px;--awb-border-radius-bottom-left:0px;--awb-padding-top:0px;--awb-padding-bottom:20px;--awb-margin-top:0px;--awb-margin-bottom:0px;--awb-background-color:#74bd4c;--awb-flex-wrap:wrap;\" ><div class=\"fusion-builder-row fusion-row\"><div class=\"fusion-layout-column fusion_builder_column fusion-builder-column-2 fusion_builder_column_1_1 1_1 fusion-one-full fusion-column-first fusion-column-last\" style=\"--awb-padding-top:0px;--awb-padding-bottom:0px;--awb-bg-size:cover;\"><div class=\"fusion-column-wrapper fusion-flex-column-wrapper-legacy\"><div class=\"fusion-section-separator section-separator triangle fusion-section-separator-1\" style=\"--awb-border-top:1px solid rgba(255,255,255,0);--awb-spacer-height:1px;--awb-svg-margin-left:0;--awb-svg-margin-right:0;--awb-icon-color:#ffffff;\"><div class=\"fusion-section-separator-svg\"><div class=\"divider-candy-arrow top\" style=\"bottom:0px;border-bottom-color: #74bd4c;\"><\/div><div class=\"divider-candy top\" style=\"top:-21px;border-bottom:1px solid rgba(255,255,255,0);border-left:1px solid rgba(255,255,255,0);\"><\/div><\/div><div class=\"fusion-section-separator-spacer\"><div class=\"fusion-section-separator-spacer-height\"><\/div><\/div><\/div><div class=\"fusion-clearfix\"><\/div><\/div><\/div><\/div><\/div><div class=\"fusion-fullwidth fullwidth-box fusion-builder-row-3 nonhundred-percent-fullwidth non-hundred-percent-height-scrolling\" style=\"--awb-border-radius-top-left:0px;--awb-border-radius-top-right:0px;--awb-border-radius-bottom-right:0px;--awb-border-radius-bottom-left:0px;--awb-padding-top:0px;--awb-padding-bottom:0px;--awb-margin-top:0px;--awb-margin-bottom:0px;--awb-background-color:#74bd4c;--awb-flex-wrap:wrap;\" ><div class=\"fusion-builder-row fusion-row\"><div class=\"fusion-layout-column fusion_builder_column fusion-builder-column-3 fusion_builder_column_1_1 1_1 fusion-one-full fusion-column-first fusion-column-last\" style=\"--awb-padding-top:0px;--awb-padding-bottom:0px;--awb-bg-size:cover;--awb-margin-bottom:0px;\"><div class=\"fusion-column-wrapper fusion-flex-column-wrapper-legacy\"><div class=\"fusion-image-carousel fusion-image-carousel-fixed fusion-image-carousel-1 fusion-carousel-border aliados-carousel\"><div class=\"awb-carousel awb-swiper awb-swiper-carousel\" data-autoplay=\"no\" data-columns=\"6\" data-itemmargin=\"25\" data-itemwidth=\"180\" data-touchscroll=\"no\" data-imagesize=\"fixed\" style=\"--awb-columns:6;--awb-column-spacing:25px;\"><div class=\"swiper-wrapper awb-image-carousel-wrapper fusion-flex-align-items-center\"><div class=\"swiper-slide\"><div class=\"fusion-carousel-item-wrapper\"><div class=\"fusion-image-wrapper hover-type-zoomout\"><img decoding=\"async\" width=\"156\" height=\"113\" src=\"https:\/\/cocosisland.org\/wp-content\/uploads\/2018\/10\/logo-faico-1.png\" class=\"attachment-blog-medium size-blog-medium\" alt=\"Logo Faico - Friends of Cocos Island\" \/><\/div><\/div><\/div><div class=\"swiper-slide\"><div class=\"fusion-carousel-item-wrapper\"><div class=\"fusion-image-wrapper hover-type-zoomout\"><img decoding=\"async\" width=\"156\" height=\"113\" src=\"https:\/\/cocosisland.org\/wp-content\/uploads\/2018\/10\/logo-mision-tiburon-1.png\" class=\"attachment-blog-medium size-blog-medium\" alt=\"Logo Misi\u00f3n Tibur\u00f3n\" \/><\/div><\/div><\/div><div class=\"swiper-slide\"><div class=\"fusion-carousel-item-wrapper\"><div class=\"fusion-image-wrapper hover-type-zoomout\"><img decoding=\"async\" width=\"156\" height=\"113\" src=\"https:\/\/cocosisland.org\/wp-content\/uploads\/2018\/10\/logo-area-conservacion-marina-cocos-1.png\" class=\"attachment-blog-medium size-blog-medium\" alt=\"Logo Marine Conservation Area Cocos\" \/><\/div><\/div><\/div><div class=\"swiper-slide\"><div class=\"fusion-carousel-item-wrapper\"><div class=\"fusion-image-wrapper hover-type-zoomout\"><img decoding=\"async\" width=\"156\" height=\"113\" src=\"https:\/\/cocosisland.org\/wp-content\/uploads\/2018\/10\/logo-especies-pelagicas-1.png\" class=\"attachment-blog-medium size-blog-medium\" alt=\"Logo Especies Pel\u00e1gicas \u00c1rea de Conservaci\u00f3n Marina Cocos\" \/><\/div><\/div><\/div><div class=\"swiper-slide\"><div class=\"fusion-carousel-item-wrapper\"><div class=\"fusion-image-wrapper hover-type-zoomout\"><img decoding=\"async\" width=\"156\" height=\"113\" src=\"https:\/\/cocosisland.org\/wp-content\/uploads\/2018\/10\/logo-thyssen-bornemisza-aca-1.png\" class=\"attachment-blog-medium size-blog-medium\" alt=\"Logo Thyssen Bornemisza Art Contemporary Academy\" \/><\/div><\/div><\/div><div class=\"swiper-slide\"><div class=\"fusion-carousel-item-wrapper\"><div class=\"fusion-image-wrapper hover-type-zoomout\"><img decoding=\"async\" width=\"156\" height=\"113\" src=\"https:\/\/cocosisland.org\/wp-content\/uploads\/2018\/10\/logo-alligator-head-foundation-1.png\" class=\"attachment-blog-medium size-blog-medium\" alt=\"Logo Alligator Head Foundation\" \/><\/div><\/div><\/div><\/div><div class=\"awb-swiper-button awb-swiper-button-prev\"><i class=\"awb-icon-angle-left\" aria-hidden=\"true\"><\/i><\/div><div class=\"awb-swiper-button awb-swiper-button-next\"><i class=\"awb-icon-angle-right\" aria-hidden=\"true\"><\/i><\/div><\/div><\/div><div class=\"fusion-clearfix\"><\/div><\/div><\/div><\/div><\/div><div class=\"fusion-fullwidth fullwidth-box fusion-builder-row-4 ejes nonhundred-percent-fullwidth non-hundred-percent-height-scrolling fusion-equal-height-columns\" style=\"--awb-border-radius-top-left:0px;--awb-border-radius-top-right:0px;--awb-border-radius-bottom-right:0px;--awb-border-radius-bottom-left:0px;--awb-padding-top:30px;--awb-padding-right:0px;--awb-padding-bottom:0px;--awb-padding-left:0px;--awb-margin-top:0px;--awb-margin-bottom:0px;--awb-flex-wrap:wrap;\" ><div class=\"fusion-builder-row fusion-row\"><div class=\"fusion-layout-column fusion_builder_column fusion-builder-column-4 fusion_builder_column_1_5 1_5 fusion-one-fifth fusion-column-first\" style=\"--awb-padding-top:0px;--awb-padding-right:0px;--awb-padding-bottom:0px;--awb-padding-left:0px;--awb-bg-size:cover;--awb-margin-bottom:0px;width:20%;width:calc(20% - ( ( 4% ) * 0.2 ) );margin-right: 4%;\"><div class=\"fusion-column-wrapper fusion-flex-column-wrapper-legacy\"><div class=\"fusion-column-content-centered\"><div class=\"fusion-column-content\"><div class=\"fusion-title title fusion-title-1 fusion-sep-none fusion-title-text fusion-title-size-one\"><h1 class=\"fusion-title-heading title-heading-left\" style=\"margin:0;\"><h3 class=\"centered\" style=\"font-size: 24px;\"><strong>Belongs to<\/strong><br \/>\n<strong>the Program:<\/strong><\/h3><\/h1><\/div>\n<\/div><\/div><div class=\"fusion-clearfix\"><\/div><\/div><\/div><div class=\"fusion-layout-column fusion_builder_column fusion-builder-column-5 fusion_builder_column_4_5 4_5 fusion-four-fifth fusion-column-last recursos-naturales\" style=\"--awb-padding-top:0px;--awb-padding-right:0px;--awb-padding-bottom:0px;--awb-padding-left:0px;--awb-bg-size:cover;--awb-margin-bottom:0px;width:80%;width:calc(80% - ( ( 4% ) * 0.8 ) );\"><div class=\"fusion-column-wrapper fusion-flex-column-wrapper-legacy\"><div class=\"fusion-column-content-centered\"><div class=\"fusion-column-content\"><div class=\"fusion-content-boxes content-boxes columns row fusion-columns-6 fusion-columns-total-6 fusion-content-boxes-1 content-boxes-icon-on-top content-left icon-image-circle\" style=\"--awb-backgroundcolor:#ffffff;--awb-body-color:#607d8b;--awb-title-color:#8bc34a;--awb-iconcolor:#74bd4c;--awb-margin-top:0px;--awb-margin-bottom:0px;--awb-hover-accent-color:#0b5d92;--awb-circle-hover-accent-color:#0b5d92;\" data-animationOffset=\"top-into-view\"><div style=\"--awb-backgroundcolor:#ffffff;--awb-iconcolor:#74bd4c;\" class=\"fusion-column content-box-column content-box-column content-box-column-1 col-lg-2 col-md-2 col-sm-2 fusion-content-box-hover content-box-column-first-in-row\"><div class=\"col content-box-wrapper content-wrapper-background link-area-box link-type-text content-icon-wrapper-yes icon-wrapper-hover-animation-pulsate\" data-link=\"https:\/\/cocosisland.org\/en\/faico-projects\/\" data-link-target=\"_self\" data-animationOffset=\"top-into-view\"><div class=\"heading heading-with-icon icon-left\"><a class=\"heading-link\" href=\"https:\/\/cocosisland.org\/en\/faico-projects\/\" target=\"_self\"><div aria-hidden=\"true\" class=\"image\"><img decoding=\"async\" src=\"https:\/\/cocosisland.org\/wp-content\/uploads\/2023\/12\/icon-alianza.png\" width=\"80\" height=\"80\" alt=\"Alianza\" \/><\/div><h4 class=\"content-box-heading\" style=\"--h4_typography-font-size:14px;line-height:19px;\">Alianza Faico - Blue Nature Alliance<\/h4><\/a><\/div><\/div><\/div><div style=\"--awb-backgroundcolor:#ffffff;--awb-iconcolor:#74bd4c;\" class=\"fusion-column content-box-column content-box-column content-box-column-2 col-lg-2 col-md-2 col-sm-2 fusion-content-box-hover \"><div class=\"col content-box-wrapper content-wrapper-background link-area-box link-type-text content-icon-wrapper-yes icon-wrapper-hover-animation-pulsate\" data-link=\"https:\/\/cocosisland.org\/en\/management-and-operations-program\/\" data-link-target=\"_self\" data-animationOffset=\"top-into-view\"><div class=\"heading heading-with-icon icon-left\"><a class=\"heading-link\" href=\"https:\/\/cocosisland.org\/en\/management-and-operations-program\/\" target=\"_self\"><div aria-hidden=\"true\" class=\"image\"><img decoding=\"async\" src=\"https:\/\/cocosisland.org\/wp-content\/uploads\/2018\/10\/icon-administracion-operaciones-verde.png\" width=\"80\" height=\"80\" alt=\"\" \/><\/div><h4 class=\"content-box-heading\" style=\"--h4_typography-font-size:14px;line-height:19px;\">Management and Operations<\/h4><\/a><\/div><\/div><\/div><div style=\"--awb-backgroundcolor:#ffffff;--awb-iconcolor:#74bd4c;\" class=\"fusion-column content-box-column content-box-column content-box-column-3 col-lg-2 col-md-2 col-sm-2 fusion-content-box-hover \"><div class=\"col content-box-wrapper content-wrapper-background link-area-box link-type-text content-icon-wrapper-yes icon-wrapper-hover-animation-pulsate\" data-link=\"https:\/\/cocosisland.org\/en\/control-and-surveillance-cocos-island\/\" data-link-target=\"_self\" data-animationOffset=\"top-into-view\"><div class=\"heading heading-with-icon icon-left\"><a class=\"heading-link\" href=\"https:\/\/cocosisland.org\/en\/control-and-surveillance-cocos-island\/\" target=\"_self\"><div aria-hidden=\"true\" class=\"image\"><img decoding=\"async\" src=\"https:\/\/cocosisland.org\/wp-content\/uploads\/2018\/10\/icon-control-vigilancia-verde.png\" width=\"80\" height=\"80\" alt=\"\" \/><\/div><h4 class=\"content-box-heading\" style=\"--h4_typography-font-size:14px;line-height:19px;\">Control and Surveillance<\/h4><\/a><\/div><\/div><\/div><div style=\"--awb-backgroundcolor:#ffffff;--awb-iconcolor:#74bd4c;\" class=\"fusion-column content-box-column content-box-column content-box-column-4 col-lg-2 col-md-2 col-sm-2 fusion-content-box-hover \"><div class=\"col content-box-wrapper content-wrapper-background link-area-box link-type-text content-icon-wrapper-yes icon-wrapper-hover-animation-pulsate\" data-link=\"https:\/\/cocosisland.org\/en\/sustainable-tourism-cocos-island\/\" data-link-target=\"_self\" data-animationOffset=\"top-into-view\"><div class=\"heading heading-with-icon icon-left\"><a class=\"heading-link\" href=\"https:\/\/cocosisland.org\/en\/sustainable-tourism-cocos-island\/\" target=\"_self\"><div aria-hidden=\"true\" class=\"image\"><img decoding=\"async\" src=\"https:\/\/cocosisland.org\/wp-content\/uploads\/2018\/10\/icon-turismo-sostenible-verde.png\" width=\"80\" height=\"80\" alt=\"\" \/><\/div><h4 class=\"content-box-heading\" style=\"--h4_typography-font-size:14px;line-height:19px;\">Sustainable tourism<\/h4><\/a><\/div><\/div><\/div><div style=\"--awb-backgroundcolor:#ffffff;--awb-iconcolor:#74bd4c;\" class=\"fusion-column content-box-column content-box-column content-box-column-5 col-lg-2 col-md-2 col-sm-2 fusion-content-box-hover \"><div class=\"col content-box-wrapper content-wrapper-background link-area-box link-type-text content-icon-wrapper-yes icon-wrapper-hover-animation-pulsate\" data-link=\"https:\/\/cocosisland.org\/en\/programs-natural-resources\/\" data-link-target=\"_self\" data-animationOffset=\"top-into-view\"><div class=\"heading heading-with-icon icon-left\"><a class=\"heading-link\" href=\"https:\/\/cocosisland.org\/en\/programs-natural-resources\/\" target=\"_self\"><div aria-hidden=\"true\" class=\"image\"><img decoding=\"async\" src=\"https:\/\/cocosisland.org\/wp-content\/uploads\/2018\/10\/icon-recursos-naturales-verde.png\" width=\"80\" height=\"80\" alt=\"\" \/><\/div><h4 class=\"content-box-heading\" style=\"--h4_typography-font-size:14px;line-height:19px;\">Natural and Cultural Resources<\/h4><\/a><\/div><\/div><\/div><div style=\"--awb-backgroundcolor:#ffffff;--awb-iconcolor:#74bd4c;\" class=\"fusion-column content-box-column content-box-column content-box-column-6 col-lg-2 col-md-2 col-sm-2 fusion-content-box-hover content-box-column-last content-box-column-last-in-row\"><div class=\"col content-box-wrapper content-wrapper-background link-area-box link-type-text content-icon-wrapper-yes icon-wrapper-hover-animation-pulsate\" data-link=\"https:\/\/cocosisland.org\/en\/quality-life-of-park-rangers-cocos-island\/\" data-link-target=\"_self\" data-animationOffset=\"top-into-view\"><div class=\"heading heading-with-icon icon-left\"><a class=\"heading-link\" href=\"https:\/\/cocosisland.org\/en\/quality-life-of-park-rangers-cocos-island\/\" target=\"_self\"><div aria-hidden=\"true\" class=\"image\"><img decoding=\"async\" src=\"https:\/\/cocosisland.org\/wp-content\/uploads\/2018\/12\/icon-calidad-vida-guardaparques.png\" width=\"80\" height=\"80\" alt=\"\" \/><\/div><h4 class=\"content-box-heading\" style=\"--h4_typography-font-size:14px;line-height:19px;\">Quality of life of park rangers<\/h4><\/a><\/div><\/div><\/div><div class=\"fusion-clearfix\"><\/div><\/div>\n<\/div><\/div><div class=\"fusion-clearfix\"><\/div><\/div><\/div><\/div><\/div><div class=\"fusion-fullwidth fullwidth-box fusion-builder-row-5 nonhundred-percent-fullwidth non-hundred-percent-height-scrolling\" style=\"--awb-border-radius-top-left:0px;--awb-border-radius-top-right:0px;--awb-border-radius-bottom-right:0px;--awb-border-radius-bottom-left:0px;--awb-padding-top:0px;--awb-padding-bottom:0px;--awb-margin-top:0px;--awb-margin-bottom:0px;--awb-flex-wrap:wrap;\" ><div class=\"fusion-builder-row fusion-row\"><div class=\"fusion-layout-column fusion_builder_column fusion-builder-column-6 fusion_builder_column_1_1 1_1 fusion-one-full fusion-column-first fusion-column-last\" style=\"--awb-padding-top:0px;--awb-padding-bottom:0px;--awb-bg-blend:overlay;--awb-bg-size:cover;--awb-margin-bottom:0px;\"><div class=\"fusion-column-wrapper fusion-flex-column-wrapper-legacy\"><div class=\"fusion-section-separator section-separator curved fusion-section-separator-2\" style=\"--awb-spacer-height:99px;--awb-svg-margin-left:0;--awb-svg-margin-right:0;--awb-divider-height:99px;--awb-spacer-padding-top:inherit;--awb-sep-padding:0;--awb-svg-padding:0;\"><div class=\"fusion-section-separator-svg\"><svg class=\"fusion-curved-candy\" xmlns=\"http:\/\/www.w3.org\/2000\/svg\" version=\"1.1\" width=\"100%\" height=\"100\" viewBox=\"0 0 100 100\" preserveAspectRatio=\"none\" fill=\"rgba(14,103,167,1)\"><path d=\"M0 100 C 60 0 75 0 100 100 Z\"><\/path><\/svg><\/div><div class=\"fusion-section-separator-spacer\"><div class=\"fusion-section-separator-spacer-height\"><\/div><\/div><\/div><div class=\"fusion-clearfix\"><\/div><\/div><\/div><\/div><\/div>\n<\/p>\n","protected":false},"excerpt":{"rendered":"","protected":false},"author":4,"featured_media":0,"parent":15826,"menu_order":0,"comment_status":"closed","ping_status":"closed","template":"100-width.php","meta":{"footnotes":""},"class_list":["post-15847","page","type-page","status-publish","hentry"],"_links":{"self":[{"href":"https:\/\/cocosisland.org\/en\/wp-json\/wp\/v2\/pages\/15847","targetHints":{"allow":["GET"]}}],"collection":[{"href":"https:\/\/cocosisland.org\/en\/wp-json\/wp\/v2\/pages"}],"about":[{"href":"https:\/\/cocosisland.org\/en\/wp-json\/wp\/v2\/types\/page"}],"author":[{"embeddable":true,"href":"https:\/\/cocosisland.org\/en\/wp-json\/wp\/v2\/users\/4"}],"replies":[{"embeddable":true,"href":"https:\/\/cocosisland.org\/en\/wp-json\/wp\/v2\/comments?post=15847"}],"version-history":[{"count":2,"href":"https:\/\/cocosisland.org\/en\/wp-json\/wp\/v2\/pages\/15847\/revisions"}],"predecessor-version":[{"id":15850,"href":"https:\/\/cocosisland.org\/en\/wp-json\/wp\/v2\/pages\/15847\/revisions\/15850"}],"up":[{"embeddable":true,"href":"https:\/\/cocosisland.org\/en\/wp-json\/wp\/v2\/pages\/15826"}],"wp:attachment":[{"href":"https:\/\/cocosisland.org\/en\/wp-json\/wp\/v2\/media?parent=15847"}],"curies":[{"name":"wp","href":"https:\/\/api.w.org\/{rel}","templated":true}]}}